{"id":3363,"date":"2018-11-22T12:48:48","date_gmt":"2018-11-22T11:48:48","guid":{"rendered":"http:\/\/segreteria.lettere.uniroma2.it\/?page_id=3363"},"modified":"2023-05-02T10:55:59","modified_gmt":"2023-05-02T08:55:59","slug":"esami-di-profitto","status":"publish","type":"page","link":"https:\/\/segreteria.lettere.uniroma2.it\/home\/esami-di-profitto\/","title":{"rendered":"Esami di profitto"},"content":{"rendered":"<p>[et_pb_section fb_built=&#8221;1&#8243; custom_padding_last_edited=&#8221;on|desktop&#8221; _builder_version=&#8221;4.16&#8243; custom_margin=&#8221;|10px||10px&#8221; custom_margin_tablet=&#8221;&#8221; custom_margin_phone=&#8221;|0px||0px&#8221; custom_margin_last_edited=&#8221;on|tablet&#8221; custom_padding=&#8221;3px|0px|0|0px|false|false&#8221; custom_padding_tablet=&#8221;&#8221; custom_padding_phone=&#8221;&#8221; global_colors_info=&#8221;{}&#8221;][et_pb_row column_structure=&#8221;1_4,3_4&#8243; custom_padding_last_edited=&#8221;on|phone&#8221; module_class=&#8221; et_pb_row_fullwidth&#8221; _builder_version=&#8221;4.16&#8243; width=&#8221;100%&#8221; width_tablet=&#8221;100%&#8221; width_phone=&#8221;&#8221; width_last_edited=&#8221;on|desktop&#8221; max_width=&#8221;100%&#8221; max_width_tablet=&#8221;100%&#8221; max_width_phone=&#8221;&#8221; max_width_last_edited=&#8221;on|desktop&#8221; module_alignment=&#8221;center&#8221; custom_margin=&#8221;|||&#8221; custom_margin_tablet=&#8221;|||&#8221; custom_margin_phone=&#8221;|||&#8221; custom_margin_last_edited=&#8221;on|phone&#8221; custom_padding=&#8221;24px|0px|16px|0px|false|false&#8221; custom_padding_tablet=&#8221;&#8221; custom_padding_phone=&#8221;|||&#8221; make_fullwidth=&#8221;on&#8221; global_colors_info=&#8221;{}&#8221;][et_pb_column type=&#8221;1_4&#8243; _builder_version=&#8221;4.16&#8243; custom_padding=&#8221;|||&#8221; custom_padding_tablet=&#8221;&#8221; custom_padding_phone=&#8221;&#8221; custom_padding_last_edited=&#8221;on|phone&#8221; global_colors_info=&#8221;{}&#8221; custom_padding__hover=&#8221;|||&#8221;][et_pb_image src=&#8221;http:\/\/segreteria.lettere.uniroma2.it\/wp-content\/uploads\/2018\/03\/study.png&#8221; align=&#8221;center&#8221; align_tablet=&#8221;center&#8221; align_phone=&#8221;&#8221; align_last_edited=&#8221;on|desktop&#8221; _builder_version=&#8221;4.16&#8243; max_width_tablet=&#8221;38%&#8221; max_width_phone=&#8221;25%&#8221; max_width_last_edited=&#8221;on|tablet&#8221; custom_padding=&#8221;0px||0px|40px|true&#8221; custom_padding_tablet=&#8221;|||0px&#8221; custom_padding_phone=&#8221;|||0px&#8221; custom_padding_last_edited=&#8221;on|desktop&#8221; global_colors_info=&#8221;{}&#8221;][\/et_pb_image][\/et_pb_column][et_pb_column type=&#8221;3_4&#8243; _builder_version=&#8221;4.16&#8243; custom_padding=&#8221;|||&#8221; custom_padding_tablet=&#8221;&#8221; custom_padding_phone=&#8221;&#8221; custom_padding_last_edited=&#8221;on|phone&#8221; global_colors_info=&#8221;{}&#8221; custom_padding__hover=&#8221;|||&#8221;][et_pb_text _builder_version=&#8221;4.16&#8243; text_font=&#8221;||||||||&#8221; text_line_height=&#8221;1.3em&#8221; link_font_size=&#8221;16px&#8221; link_line_height=&#8221;1.3em&#8221; header_font=&#8221;||||||||&#8221; header_text_align=&#8221;center&#8221; header_font_size=&#8221;18px&#8221; header_2_font=&#8221;||||||||&#8221; header_2_text_align=&#8221;center&#8221; header_2_font_size=&#8221;18px&#8221; header_2_line_height=&#8221;1.1em&#8221; header_3_font=&#8221;||||||||&#8221; header_3_font_size=&#8221;30px&#8221; header_3_line_height=&#8221;1.3em&#8221; text_orientation=&#8221;center&#8221; max_width_tablet=&#8221;&#8221; max_width_phone=&#8221;&#8221; max_width_last_edited=&#8221;on|desktop&#8221; module_alignment=&#8221;center&#8221; custom_margin=&#8221;17px|||&#8221; custom_margin_tablet=&#8221;||||false|true&#8221; custom_margin_phone=&#8221;26px||-12px||false|true&#8221; custom_margin_last_edited=&#8221;on|phone&#8221; custom_padding=&#8221;|2%||2%|false|true&#8221; text_font_size_tablet=&#8221;14px&#8221; text_font_size_phone=&#8221;12px&#8221; text_font_size_last_edited=&#8221;on|desktop&#8221; link_font_size_tablet=&#8221;14px&#8221; link_font_size_phone=&#8221;12px&#8221; link_font_size_last_edited=&#8221;on|phone&#8221; header_font_size_tablet=&#8221;16px&#8221; header_font_size_phone=&#8221;14px&#8221; header_font_size_last_edited=&#8221;on|phone&#8221; header_2_font_size_tablet=&#8221;16px&#8221; header_2_font_size_phone=&#8221;14px&#8221; header_2_font_size_last_edited=&#8221;on|desktop&#8221; header_3_font_size_tablet=&#8221;20px&#8221; header_3_font_size_phone=&#8221;18px&#8221; header_3_font_size_last_edited=&#8221;on|phone&#8221; header_3_letter_spacing_tablet=&#8221;&#8221; header_3_letter_spacing_phone=&#8221;&#8221; header_3_letter_spacing_last_edited=&#8221;on|desktop&#8221; header_3_line_height_tablet=&#8221;&#8221; header_3_line_height_phone=&#8221;&#8221; header_3_line_height_last_edited=&#8221;on|phone&#8221; global_colors_info=&#8221;{}&#8221;]<\/p>\n<h3 style=\"text-align: center;\">ESAMI DI PROFITTO<\/h3>\n<p style=\"text-align: left;\"><strong>E\u2019 obbligatorio prenotare ogni esame,\u00a0<\/strong>direttamente dalla tua pagina Delphi online,<strong> da 30 a 5 giorni\u00a0<\/strong>prima della data dell\u2019esame.<\/p>\n<p style=\"text-align: left;\">[\/et_pb_text][\/et_pb_column][\/et_pb_row][et_pb_row column_structure=&#8221;2_3,1_3&#8243; custom_padding_last_edited=&#8221;on|phone&#8221; module_class=&#8221; et_pb_row_fullwidth&#8221; _builder_version=&#8221;4.16&#8243; width=&#8221;100%&#8221; width_tablet=&#8221;100%&#8221; width_phone=&#8221;&#8221; width_last_edited=&#8221;on|desktop&#8221; max_width=&#8221;100%&#8221; max_width_tablet=&#8221;100%&#8221; max_width_phone=&#8221;&#8221; max_width_last_edited=&#8221;on|desktop&#8221; module_alignment=&#8221;center&#8221; custom_margin=&#8221;|||&#8221; custom_margin_tablet=&#8221;|||&#8221; custom_margin_phone=&#8221;|||&#8221; custom_margin_last_edited=&#8221;on|phone&#8221; custom_padding=&#8221;0|0px|12px|0px|false|false&#8221; custom_padding_tablet=&#8221;&#8221; custom_padding_phone=&#8221;0|0px|12px|0px|false|false&#8221; make_fullwidth=&#8221;on&#8221; global_colors_info=&#8221;{}&#8221;][et_pb_column type=&#8221;2_3&#8243; _builder_version=&#8221;4.16&#8243; custom_padding=&#8221;|||&#8221; custom_padding_tablet=&#8221;&#8221; custom_padding_phone=&#8221;&#8221; custom_padding_last_edited=&#8221;on|phone&#8221; global_colors_info=&#8221;{}&#8221; custom_padding__hover=&#8221;|||&#8221;][et_pb_toggle title=&#8221;INFORMAZIONI GENERALI E MODALIT\u00c0 DI PRENOTAZIONE DEGLI ESAMI ONLINE&#8221; open_toggle_text_color=&#8221;#66022f&#8221; open_toggle_background_color=&#8221;rgba(0,0,0,0)&#8221; closed_toggle_text_color=&#8221;#044d2f&#8221; icon_color=&#8221;#66022f&#8221; open_icon_color=&#8221;#66022f&#8221; _builder_version=&#8221;4.19.4&#8243; title_font=&#8221;||||||||&#8221; title_font_size=&#8221;18px&#8221; title_line_height=&#8221;1.3em&#8221; body_font=&#8221;||||||||&#8221; body_font_size=&#8221;16px&#8221; body_line_height=&#8221;1.3em&#8221; custom_margin=&#8221;10px||10px|&#8221; custom_margin_tablet=&#8221;|0px||0px||true&#8221; custom_margin_phone=&#8221;|5px||5px||true&#8221; custom_margin_last_edited=&#8221;on|tablet&#8221; title_font_size_tablet=&#8221;16px&#8221; title_font_size_phone=&#8221;14px&#8221; title_font_size_last_edited=&#8221;on|desktop&#8221; body_font_size_tablet=&#8221;14px&#8221; body_font_size_phone=&#8221;12px&#8221; body_font_size_last_edited=&#8221;on|phone&#8221; global_colors_info=&#8221;{}&#8221;]<\/p>\n<div>Prima di sostenere gli esami \u00e8 necessario sapere che:<\/div>\n<div>\n<ul>\n<li><strong>Puoi sostenere esclusivamente gli esami indicati nel tuo piano di studi approvato.<\/strong><\/li>\n<li>A ogni esame devi portare il<strong> libretto universitario<\/strong> (se in tuo possesso) e il\u00a0<strong>piano di studi<\/strong><\/li>\n<li>per essere ammesso a sostenere gli esami di profitto <strong>devi essere\u00a0regolarmente iscritto<\/strong><\/li>\n<li><strong>puoi\u00a0annullare la prenotazione\u00a0<\/strong>se non intendi sostenere l&#8217;esame<\/li>\n<li><strong>puoi ritirarti al momento dell&#8217;esame<\/strong><strong>\u00a0<\/strong>se non intendi accettare il voto<\/li>\n<li>se\u00a0<strong>accetti un voto<\/strong>,\u00a0in sede d&#8217;esame, <strong>\u00a0non potrai ripetere l&#8217;esame gi\u00e0 sostenuto<\/strong><\/li>\n<li>l\u2019esito dell\u2019esame viene riportato sul <strong>libretto universitario<\/strong>\u00a0(direttamente dal Docente in sede d&#8217;esame) e <strong>sar\u00e0 registrato<\/strong> nella tua \u00a0carriera universitaria <strong>dopo che il Professore<\/strong><strong>\u00a0provveder\u00e0 alla chiusura del verbale digitale.<\/strong><\/li>\n<\/ul>\n<p><b>PRENOTA GLI ESAMI DIRETTAMENTE DALLA TUA\u00a0<\/b><span style=\"text-decoration: underline;\"><strong><a href=\"https:\/\/delphi.uniroma2.it\/totem\/jsp\/Iscrizioni\/sStudentiLoginIntro.jsp\" target=\"_blank\" rel=\"nofollow noopener noreferrer\">PAGINA DELPHI ONLINE<\/a><\/strong><\/span><\/p>\n<p><img loading=\"lazy\" decoding=\"async\" class=\"wp-image-3978 aligncenter size-full\" src=\"http:\/\/segreteria.lettere.uniroma2.it\/wp-content\/uploads\/2018\/06\/DelphiESAMIPrenoatzioneEsami.png\" alt=\"\" width=\"356\" height=\"83\" srcset=\"https:\/\/segreteria.lettere.uniroma2.it\/wp-content\/uploads\/2018\/06\/DelphiESAMIPrenoatzioneEsami.png 640w, https:\/\/segreteria.lettere.uniroma2.it\/wp-content\/uploads\/2018\/06\/DelphiESAMIPrenoatzioneEsami-300x70.png 300w\" sizes=\"(max-width: 356px) 100vw, 356px\" \/><\/p>\n<\/div>\n<p>&nbsp;<\/p>\n<p>Per la prenotazione delle\u00a0<strong>idoneit\u00e0 linguistiche\u00a0<\/strong>consulta il sito del\u00a0<span style=\"text-decoration: underline;\"><strong><a href=\"http:\/\/cla.uniroma2.it\/\" target=\"_blank\" rel=\"noopener noreferrer\">Centro Linguistico di Ateneo.<\/a>\u00a0<\/strong><\/span><\/p>\n<p>Per la prenotazione degli esami <strong>&#8220;a scelta libera dello studente&#8221;<\/strong> o in caso di difficolt\u00e0,<\/p>\n<p>compila il form per la<b>\u00a0<a href=\"https:\/\/segreteria.lettere.uniroma2.it\/home\/esami-di-profitto\/richiesta-prenotazione-esame-a-scelta-libera-dello-studente\/\"><span style=\"text-decoration: underline;\">RICHIESTA DI PRENOTAZIONE ESAME ONLINE<\/span>\u00a0<\/a><\/b><\/p>\n<p>[\/et_pb_toggle][et_pb_toggle title=&#8221;SESSIONI D&#8217;ESAME&#8221; open_toggle_text_color=&#8221;#66022f&#8221; open_toggle_background_color=&#8221;rgba(0,0,0,0)&#8221; closed_toggle_text_color=&#8221;#044d2f&#8221; icon_color=&#8221;#66022f&#8221; open_icon_color=&#8221;#66022f&#8221; _builder_version=&#8221;4.19.4&#8243; title_font=&#8221;||||||||&#8221; title_font_size=&#8221;18px&#8221; title_line_height=&#8221;1.3em&#8221; body_font=&#8221;||||||||&#8221; body_font_size=&#8221;16px&#8221; body_line_height=&#8221;1.3em&#8221; custom_margin=&#8221;10px||10px|&#8221; custom_margin_tablet=&#8221;|0px||0px||true&#8221; custom_margin_phone=&#8221;|5px||5px||true&#8221; custom_margin_last_edited=&#8221;on|tablet&#8221; title_font_size_tablet=&#8221;16px&#8221; title_font_size_phone=&#8221;14px&#8221; title_font_size_last_edited=&#8221;on|desktop&#8221; body_font_size_tablet=&#8221;14px&#8221; body_font_size_phone=&#8221;12px&#8221; body_font_size_last_edited=&#8221;on|phone&#8221; global_colors_info=&#8221;{}&#8221;]<\/p>\n<p><img loading=\"lazy\" decoding=\"async\" src=\"http:\/\/segreteria.lettere.uniroma2.it\/wp-content\/uploads\/2018\/11\/ESAMI.Infografica.png\" width=\"645\" height=\"338\" alt=\"\" class=\"wp-image-6496 alignnone size-full\" style=\"display: block; margin-left: auto; margin-right: auto;\" srcset=\"https:\/\/segreteria.lettere.uniroma2.it\/wp-content\/uploads\/2018\/11\/ESAMI.Infografica.png 1200w, https:\/\/segreteria.lettere.uniroma2.it\/wp-content\/uploads\/2018\/11\/ESAMI.Infografica-300x157.png 300w, https:\/\/segreteria.lettere.uniroma2.it\/wp-content\/uploads\/2018\/11\/ESAMI.Infografica-768x402.png 768w, https:\/\/segreteria.lettere.uniroma2.it\/wp-content\/uploads\/2018\/11\/ESAMI.Infografica-1024x536.png 1024w, https:\/\/segreteria.lettere.uniroma2.it\/wp-content\/uploads\/2018\/11\/ESAMI.Infografica-1080x565.png 1080w\" sizes=\"(max-width: 645px) 100vw, 645px\" \/> <img loading=\"lazy\" decoding=\"async\" src=\"http:\/\/segreteria.lettere.uniroma2.it\/wp-content\/uploads\/2018\/11\/AppelloStraordinarioAprile.png\" width=\"619\" height=\"324\" alt=\"\" class=\"wp-image-6502 alignnone size-full\" style=\"display: block; margin-left: auto; margin-right: auto;\" srcset=\"https:\/\/segreteria.lettere.uniroma2.it\/wp-content\/uploads\/2018\/11\/AppelloStraordinarioAprile.png 1200w, https:\/\/segreteria.lettere.uniroma2.it\/wp-content\/uploads\/2018\/11\/AppelloStraordinarioAprile-300x157.png 300w, https:\/\/segreteria.lettere.uniroma2.it\/wp-content\/uploads\/2018\/11\/AppelloStraordinarioAprile-768x402.png 768w, https:\/\/segreteria.lettere.uniroma2.it\/wp-content\/uploads\/2018\/11\/AppelloStraordinarioAprile-1024x536.png 1024w, https:\/\/segreteria.lettere.uniroma2.it\/wp-content\/uploads\/2018\/11\/AppelloStraordinarioAprile-1080x565.png 1080w\" sizes=\"(max-width: 619px) 100vw, 619px\" \/><\/p>\n<p>[\/et_pb_toggle][et_pb_toggle title=&#8221;LETTORATO &#8211; PRENOTAZIONE ESAME DI LINGUA STRANIERA TRIENNALE (escluse le idoneit\u00e0)&#8221; open_toggle_text_color=&#8221;#66022f&#8221; open_toggle_background_color=&#8221;rgba(0,0,0,0)&#8221; closed_toggle_text_color=&#8221;#044d2f&#8221; icon_color=&#8221;#66022f&#8221; open_icon_color=&#8221;#66022f&#8221; _builder_version=&#8221;4.19.4&#8243; title_font=&#8221;||||||||&#8221; title_font_size=&#8221;18px&#8221; title_line_height=&#8221;1.3em&#8221; body_font=&#8221;||||||||&#8221; body_font_size=&#8221;16px&#8221; body_line_height=&#8221;1.3em&#8221; body_link_font=&#8221;||||on||||&#8221; body_link_text_color=&#8221;#044D2F&#8221; body_link_font_size=&#8221;16px&#8221; body_link_line_height=&#8221;1.2em&#8221; body_ul_font_size=&#8221;16px&#8221; body_ul_line_height=&#8221;1.3em&#8221; custom_margin=&#8221;10px||10px|&#8221; custom_margin_tablet=&#8221;|0px||0px||true&#8221; custom_margin_phone=&#8221;|5px||5px||true&#8221; custom_margin_last_edited=&#8221;on|tablet&#8221; title_font_size_tablet=&#8221;16px&#8221; title_font_size_phone=&#8221;14px&#8221; title_font_size_last_edited=&#8221;on|phone&#8221; body_font_size_tablet=&#8221;14px&#8221; body_font_size_phone=&#8221;12px&#8221; body_font_size_last_edited=&#8221;on|phone&#8221; body_link_font_size_tablet=&#8221;14px&#8221; body_link_font_size_phone=&#8221;12px&#8221; body_link_font_size_last_edited=&#8221;on|phone&#8221; body_ul_font_size_tablet=&#8221;14px&#8221; body_ul_font_size_phone=&#8221;12px&#8221; body_ul_font_size_last_edited=&#8221;on|phone&#8221; inline_fonts=&#8221;Montserrat&#8221; global_colors_info=&#8221;{}&#8221;]<\/p>\n<p>Se devi sostenere un esame di <strong>lingua straniera triennale (escluse le idoneit\u00e0)<\/strong> \u00e8 necessario superare<strong> sia l&#8217;esame di &#8220;lettorato&#8221; sia l&#8217;esame del Docente di riferimento.<\/strong><\/p>\n<div>\n<p>Per ogni annualit\u00e0 di lingua straniera (escluse le idoneit\u00e0) <strong>\u00e8 necessario superare due prove:<\/strong><\/p>\n<p><strong><\/strong><\/p>\n<ul>\n<li style=\"list-style-type: none;\">\n<ul>\n<li>prova scritta (lettorato) &#8211;<a href=\"http:\/\/cla.uniroma2.it\/\" target=\"_blank\" rel=\"noopener\"> Gestito dal Centro Linguistico di Ateneo CLA<\/a><\/li>\n<li>prova orale<\/li>\n<\/ul>\n<\/li>\n<\/ul>\n<p><a href=\"http:\/\/cla.uniroma2.it\/2021\/05\/03\/informazioni-per-studenti-e-studentesse-di-llem-llea-e-linfo-esami-di-lettorato\/\" target=\"_blank\" rel=\"noopener\">COME PRENOTARE E VERBALIZZARE L&#8217;ESAME DI LETTORATO SCRITTO&gt;\u00a0<\/a><\/p>\n<\/div>\n<p>[\/et_pb_toggle][et_pb_toggle title=&#8221;STUDENTI DI ALTRE FACOLT\u00c0\/MACROAREE&#8221; open_toggle_text_color=&#8221;#66022f&#8221; open_toggle_background_color=&#8221;rgba(0,0,0,0)&#8221; closed_toggle_text_color=&#8221;#044d2f&#8221; icon_color=&#8221;#66022f&#8221; open_icon_color=&#8221;#66022f&#8221; _builder_version=&#8221;4.19.4&#8243; title_font=&#8221;||||||||&#8221; title_font_size=&#8221;18px&#8221; title_line_height=&#8221;1.3em&#8221; body_font=&#8221;||||||||&#8221; body_font_size=&#8221;16px&#8221; body_line_height=&#8221;1.3em&#8221; custom_margin=&#8221;10px||10px|&#8221; custom_margin_tablet=&#8221;|0px||0px||true&#8221; custom_margin_phone=&#8221;|5px||5px||true&#8221; custom_margin_last_edited=&#8221;on|tablet&#8221; title_font_size_tablet=&#8221;16px&#8221; title_font_size_phone=&#8221;14px&#8221; title_font_size_last_edited=&#8221;on|desktop&#8221; body_font_size_tablet=&#8221;14px&#8221; body_font_size_phone=&#8221;12px&#8221; body_font_size_last_edited=&#8221;on|phone&#8221; global_colors_info=&#8221;{}&#8221;]<\/p>\n<p>Se sei uno<strong>\u00a0studente di un&#8217;altra Facolt\u00e0\/Macroarea dell&#8217;Ateneo\u00a0<\/strong>puoi\u00a0sostenere un esame presso la Macroarea di Lettere e Filosofia\u00a0solo <strong>se l&#8217;esame \u00e8 stato\u00a0<\/strong><strong>autorizzato<\/strong> dal tuo Corso di Laurea di appartenenza ed \u00e8 <strong>presente nel tuo piano di studi.<\/strong><\/p>\n<p>Per prenotare l&#8217;esame compila e invia,\u00a0<strong>da 30 a 5 giorni lavorativi prima della data dell&#8217;appello<\/strong>,\u00a0il\u00a0<a href=\"http:\/\/segreteria.lettere.uniroma2.it\/home\/esami-di-profitto\/richiesta-prenotazione-esame-a-scelta-libera-dello-studente\/\">modulo di richiesta prenotazione esami.<\/a><\/p>\n<p>[\/et_pb_toggle][et_pb_toggle title=&#8221;GIUSTIFICATIVO ASSENZA DAL LAVORO&#8221; open_toggle_text_color=&#8221;#66022f&#8221; open_toggle_background_color=&#8221;rgba(0,0,0,0)&#8221; closed_toggle_text_color=&#8221;#044d2f&#8221; icon_color=&#8221;#66022f&#8221; open_icon_color=&#8221;#66022f&#8221; _builder_version=&#8221;4.19.4&#8243; title_font=&#8221;||||||||&#8221; title_font_size=&#8221;18px&#8221; title_line_height=&#8221;1.3em&#8221; body_font=&#8221;||||||||&#8221; body_font_size=&#8221;16px&#8221; body_line_height=&#8221;1.3em&#8221; custom_margin=&#8221;10px||10px|&#8221; custom_margin_tablet=&#8221;|0px||0px||true&#8221; custom_margin_phone=&#8221;|5px||5px||true&#8221; custom_margin_last_edited=&#8221;on|tablet&#8221; title_font_size_tablet=&#8221;16px&#8221; title_font_size_phone=&#8221;14px&#8221; title_font_size_last_edited=&#8221;on|desktop&#8221; body_font_size_tablet=&#8221;14px&#8221; body_font_size_phone=&#8221;12px&#8221; body_font_size_last_edited=&#8221;on|phone&#8221; global_colors_info=&#8221;{}&#8221;]<\/p>\n<p>Puoi richiedere il <strong>giustificativo<\/strong> per le <strong>lezioni<\/strong>, gli<strong> esami<\/strong> e la<strong> seduta di laurea.<\/strong><\/p>\n<div><\/div>\n<div><strong>\u00a0<\/strong><\/div>\n<div><strong>Chiedi,\u00a0con congruo anticipo<\/strong>,\u00a0il giustificativo per l&#8217;assenza dal lavoro\u00a0<strong>direttamente al Docente<\/strong>. Se il Docente non ha il modulo pu\u00f2 ritirarlo in Segreteria Studenti.<\/div>\n<div><\/div>\n<div style=\"text-align: center;\"><strong>\u00a0<\/strong><\/div>\n<div style=\"text-align: center;\"><strong>Non \u00e8 possibile consegnare il modulo direttamente a te o ad altri studenti.<\/strong><\/div>\n<div>\n<div><span style=\"font-family: 'trebuchet ms', sans-serif; font-size: medium;\">\u00a0\u00a0<\/span><\/div>\n<\/div>\n<p>[\/et_pb_toggle][et_pb_toggle title=&#8221;CALENDARIO ESAMI&#8221; open_toggle_text_color=&#8221;#66022f&#8221; open_toggle_background_color=&#8221;rgba(0,0,0,0)&#8221; closed_toggle_text_color=&#8221;#044d2f&#8221; icon_color=&#8221;#66022f&#8221; open_icon_color=&#8221;#66022f&#8221; _builder_version=&#8221;4.21.0&#8243; title_font=&#8221;||||||||&#8221; title_font_size=&#8221;18px&#8221; title_line_height=&#8221;1.3em&#8221; body_font=&#8221;||||||||&#8221; body_font_size=&#8221;16px&#8221; body_line_height=&#8221;1.3em&#8221; custom_margin=&#8221;10px||10px|&#8221; custom_margin_tablet=&#8221;|0px||0px||true&#8221; custom_margin_phone=&#8221;|5px||5px||true&#8221; custom_margin_last_edited=&#8221;on|tablet&#8221; hover_enabled=&#8221;0&#8243; title_font_size_tablet=&#8221;16px&#8221; title_font_size_phone=&#8221;14px&#8221; title_font_size_last_edited=&#8221;on|desktop&#8221; body_font_size_tablet=&#8221;14px&#8221; body_font_size_phone=&#8221;12px&#8221; body_font_size_last_edited=&#8221;on|phone&#8221; global_colors_info=&#8221;{}&#8221; sticky_enabled=&#8221;0&#8243;]<\/p>\n<p><a href=\"http:\/\/lettere.uniroma2.it\/calendario-lezioni\/\" target=\"_blank\" rel=\"noopener noreferrer\"><span style=\"text-decoration: underline;\"><strong>VAI AL CALENDARIO DEGLI ESAMI<\/strong><\/span>\u00a0<\/a>e, per ogni eventuale informazione o chiarimento, contatta l\u2019<strong><span style=\"text-decoration: underline;\"><a href=\"mailto:gestioneaule@lettere.uniroma2.it\" target=\"_blank\" rel=\"noopener noreferrer\">Ufficio gestione aule di Macroarea.<\/a><\/span><\/strong><\/p>\n<p>[\/et_pb_toggle][\/et_pb_column][et_pb_column type=&#8221;1_3&#8243; _builder_version=&#8221;4.16&#8243; custom_padding=&#8221;|||&#8221; custom_padding_tablet=&#8221;&#8221; custom_padding_phone=&#8221;&#8221; custom_padding_last_edited=&#8221;on|phone&#8221; global_colors_info=&#8221;{}&#8221; custom_padding__hover=&#8221;|||&#8221;][et_pb_button button_url=&#8221;https:\/\/owncloud.uniroma2.it\/index.php\/s\/AiGYfPeaXkc8kyf&#8221; url_new_window=&#8221;on&#8221; button_text=&#8221;COME FUNZIONA LA VERBALIZZAZIONE DIGITALE DEGLI ESAMI?&#8221; button_alignment=&#8221;center&#8221; _builder_version=&#8221;4.19.4&#8243; custom_button=&#8221;on&#8221; button_text_size=&#8221;17px&#8221; button_font=&#8221;|600|||||||&#8221; custom_margin=&#8221;20px|15px|39px|15px||true&#8221; custom_margin_tablet=&#8221;&#8221; custom_margin_phone=&#8221;|8px||8px||true&#8221; custom_margin_last_edited=&#8221;on|desktop&#8221; custom_padding=&#8221;|6px||6px||true&#8221; custom_padding_tablet=&#8221;&#8221; custom_padding_phone=&#8221;|0px||0px||true&#8221; custom_padding_last_edited=&#8221;on|desktop&#8221; button_text_size_tablet=&#8221;18px&#8221; button_text_size_phone=&#8221;16px&#8221; button_text_size_last_edited=&#8221;on|phone&#8221; box_shadow_style=&#8221;preset1&#8243; global_colors_info=&#8221;{}&#8221;][\/et_pb_button][et_pb_sidebar area=&#8221;et_pb_widget_area_17&#8243; _builder_version=&#8221;4.16&#8243; header_font=&#8221;||||||||&#8221; header_text_color=&#8221;#044d2f&#8221; header_font_size=&#8221;18px&#8221; header_line_height=&#8221;1.1em&#8221; body_font=&#8221;||||||||&#8221; body_text_align=&#8221;left&#8221; body_text_color=&#8221;#66022f&#8221; body_font_size=&#8221;16px&#8221; custom_margin=&#8221;9px|10px||10px||true&#8221; custom_margin_tablet=&#8221;&#8221; custom_margin_phone=&#8221;&#8221; custom_margin_last_edited=&#8221;on|desktop&#8221; header_font_size_tablet=&#8221;16px&#8221; header_font_size_phone=&#8221;14px&#8221; header_font_size_last_edited=&#8221;on|desktop&#8221; body_font_size_tablet=&#8221;14px&#8221; body_font_size_phone=&#8221;12px&#8221; body_font_size_last_edited=&#8221;on|phone&#8221; global_colors_info=&#8221;{}&#8221;][\/et_pb_sidebar][et_pb_image src=&#8221;http:\/\/segreteria.lettere.uniroma2.it\/wp-content\/uploads\/2018\/11\/SERVIZI-_ONLINE_Rettangolare.png&#8221; url=&#8221;https:\/\/delphi.uniroma2.it\/totem\/jsp\/Iscrizioni\/sStudentiLoginIntro.jsp&#8221; url_new_window=&#8221;on&#8221; align=&#8221;center&#8221; align_tablet=&#8221;center&#8221; align_phone=&#8221;&#8221; align_last_edited=&#8221;on|desktop&#8221; _builder_version=&#8221;4.16&#8243; max_width=&#8221;47%&#8221; max_width_tablet=&#8221;43%&#8221; max_width_phone=&#8221;51%&#8221; max_width_last_edited=&#8221;on|phone&#8221; module_alignment=&#8221;center&#8221; custom_margin=&#8221;15px||&#8221; custom_margin_tablet=&#8221;42px||28px&#8221; custom_margin_phone=&#8221;29px||16px&#8221; custom_margin_last_edited=&#8221;on|phone&#8221; global_colors_info=&#8221;{}&#8221;][\/et_pb_image][\/et_pb_column][\/et_pb_row][\/et_pb_section]<\/p>\n","protected":false},"excerpt":{"rendered":"<p>ESAMI DI PROFITTO E\u2019 obbligatorio prenotare ogni esame,\u00a0direttamente dalla tua pagina Delphi online, da 30 a 5 giorni\u00a0prima della data dell\u2019esame. Prima di sostenere gli esami \u00e8 necessario sapere che: Puoi sostenere esclusivamente gli esami indicati nel tuo piano di studi approvato. A ogni esame devi portare il libretto universitario (se in tuo possesso) e [&hellip;]<\/p>\n","protected":false},"author":1,"featured_media":0,"parent":0,"menu_order":0,"comment_status":"closed","ping_status":"closed","template":"","meta":{"_et_pb_use_builder":"on","_et_pb_old_content":"","_et_gb_content_width":"","footnotes":""},"class_list":["post-3363","page","type-page","status-publish","hentry"],"_links":{"self":[{"href":"https:\/\/segreteria.lettere.uniroma2.it\/home\/wp-json\/wp\/v2\/pages\/3363","targetHints":{"allow":["GET"]}}],"collection":[{"href":"https:\/\/segreteria.lettere.uniroma2.it\/home\/wp-json\/wp\/v2\/pages"}],"about":[{"href":"https:\/\/segreteria.lettere.uniroma2.it\/home\/wp-json\/wp\/v2\/types\/page"}],"author":[{"embeddable":true,"href":"https:\/\/segreteria.lettere.uniroma2.it\/home\/wp-json\/wp\/v2\/users\/1"}],"replies":[{"embeddable":true,"href":"https:\/\/segreteria.lettere.uniroma2.it\/home\/wp-json\/wp\/v2\/comments?post=3363"}],"version-history":[{"count":9,"href":"https:\/\/segreteria.lettere.uniroma2.it\/home\/wp-json\/wp\/v2\/pages\/3363\/revisions"}],"predecessor-version":[{"id":17782,"href":"https:\/\/segreteria.lettere.uniroma2.it\/home\/wp-json\/wp\/v2\/pages\/3363\/revisions\/17782"}],"wp:attachment":[{"href":"https:\/\/segreteria.lettere.uniroma2.it\/home\/wp-json\/wp\/v2\/media?parent=3363"}],"curies":[{"name":"wp","href":"https:\/\/api.w.org\/{rel}","templated":true}]}}