{"id":6604,"date":"2018-11-22T14:08:51","date_gmt":"2018-11-22T13:08:51","guid":{"rendered":"http:\/\/segreteria.lettere.uniroma2.it\/home\/?page_id=6604"},"modified":"2022-06-10T12:02:41","modified_gmt":"2022-06-10T10:02:41","slug":"altre-attivita-formative-aaf-e-idoneita-di-lingua","status":"publish","type":"page","link":"https:\/\/segreteria.lettere.uniroma2.it\/home\/offerta-formativa\/altre-attivita-formative-aaf-e-idoneita-di-lingua\/","title":{"rendered":"Altre attivit\u00e0 formative (AAF) e idoneit\u00e0 di lingua"},"content":{"rendered":"<p>[et_pb_section fb_built=&#8221;1&#8243; custom_padding_last_edited=&#8221;on|phone&#8221; _builder_version=&#8221;4.16&#8243; custom_margin=&#8221;||&#8221; custom_padding=&#8221;0px|0px|28px|0px|false|false&#8221; custom_padding_tablet=&#8221;10px||&#8221; custom_padding_phone=&#8221;&#8221; top_divider_color=&#8221;#66022f&#8221; top_divider_flip=&#8221;vertical&#8221; border_color_all=&#8221;#ffffff&#8221; global_colors_info=&#8221;{}&#8221;][et_pb_row custom_padding_last_edited=&#8221;on|desktop&#8221; _builder_version=&#8221;4.16&#8243; width=&#8221;72%&#8221; max_width=&#8221;72%&#8221; module_alignment=&#8221;center&#8221; custom_padding=&#8221;37px|0px|14px|0px|false|false&#8221; custom_padding_tablet=&#8221;37px|0px|10px|0px|false|false&#8221; custom_padding_phone=&#8221;&#8221; use_custom_width=&#8221;on&#8221; width_unit=&#8221;off&#8221; custom_width_percent=&#8221;72%&#8221; global_colors_info=&#8221;{}&#8221; column_structure=&#8221;1_4,3_4&#8243;][et_pb_column type=&#8221;1_4&#8243; _builder_version=&#8221;4.16&#8243; custom_padding=&#8221;|||&#8221; global_colors_info=&#8221;{}&#8221; custom_padding__hover=&#8221;|||&#8221;][et_pb_image src=&#8221;http:\/\/segreteria.lettere.uniroma2.it\/wp-content\/uploads\/2018\/12\/AAF_Idoneit\u00e0.png&#8221; align=&#8221;center&#8221; align_tablet=&#8221;center&#8221; align_last_edited=&#8221;on|desktop&#8221; _builder_version=&#8221;4.16&#8243; max_width_tablet=&#8221;38%&#8221; max_width_phone=&#8221;60%&#8221; max_width_last_edited=&#8221;on|desktop&#8221; module_alignment=&#8221;center&#8221; custom_margin=&#8221;-12px||-12px||true&#8221; custom_margin_tablet=&#8221;&#8221; custom_margin_phone=&#8221;&#8221; custom_margin_last_edited=&#8221;on|desktop&#8221; custom_padding=&#8221;0px||&#8221; custom_padding_tablet=&#8221;&#8221; custom_padding_phone=&#8221;&#8221; custom_padding_last_edited=&#8221;on|tablet&#8221; global_colors_info=&#8221;{}&#8221; align_phone=&#8221;center&#8221;][\/et_pb_image][\/et_pb_column][et_pb_column type=&#8221;3_4&#8243; _builder_version=&#8221;4.16&#8243; custom_padding=&#8221;|||&#8221; global_colors_info=&#8221;{}&#8221; custom_padding__hover=&#8221;|||&#8221;][et_pb_text _builder_version=&#8221;4.16&#8243; header_3_font=&#8221;||||||||&#8221; header_3_text_align=&#8221;center&#8221; header_3_font_size=&#8221;28px&#8221; header_3_letter_spacing=&#8221;2px&#8221; header_3_line_height=&#8221;1.1em&#8221; custom_margin=&#8221;43px|10px||41px||false&#8221; custom_margin_tablet=&#8221;37px||-43px&#8221; custom_margin_phone=&#8221;&#8221; custom_margin_last_edited=&#8221;on|phone&#8221; custom_padding=&#8221;|10px||10px||true&#8221; header_3_font_size_tablet=&#8221;20px&#8221; header_3_font_size_phone=&#8221;18px&#8221; header_3_font_size_last_edited=&#8221;on|phone&#8221; global_colors_info=&#8221;{}&#8221;]<\/p>\n<h3>ALTRE ATTIVIT\u00c0 FORMATIVE<\/h3>\n<h3>E IDONEIT\u00c0 DI LINGUA<\/h3>\n<p>[\/et_pb_text][\/et_pb_column][\/et_pb_row][et_pb_row module_class=&#8221; et_pb_row_fullwidth&#8221; _builder_version=&#8221;4.16&#8243; width=&#8221;100%&#8221; width_tablet=&#8221;100%&#8221; width_last_edited=&#8221;on|desktop&#8221; max_width=&#8221;100%&#8221; max_width_tablet=&#8221;100%&#8221; max_width_last_edited=&#8221;on|desktop&#8221; module_alignment=&#8221;center&#8221; custom_margin=&#8221;44px||&#8221; custom_margin_tablet=&#8221;44px||&#8221; custom_margin_phone=&#8221;&#8221; custom_margin_last_edited=&#8221;on|tablet&#8221; custom_padding=&#8221;0|0px|18px|0px|false|false&#8221; box_shadow_style=&#8221;preset1&#8243; make_fullwidth=&#8221;on&#8221; global_colors_info=&#8221;{}&#8221; column_structure=&#8221;1_2,1_2&#8243; width_phone=&#8221;100%&#8221; max_width_phone=&#8221;100%&#8221;][et_pb_column type=&#8221;1_2&#8243; _builder_version=&#8221;4.16&#8243; custom_padding=&#8221;|||&#8221; global_colors_info=&#8221;{}&#8221; custom_padding__hover=&#8221;|||&#8221;][et_pb_text _builder_version=&#8221;4.16&#8243; text_font=&#8221;||||||||&#8221; header_font=&#8221;||||||||&#8221; header_3_font=&#8221;||||||||&#8221; header_3_font_size=&#8221;18px&#8221; custom_margin=&#8221;|10px||10px||true&#8221; custom_margin_tablet=&#8221;|10px|53px|10px||true&#8221; custom_margin_phone=&#8221;|10px|35px|10px||true&#8221; custom_margin_last_edited=&#8221;on|phone&#8221; custom_padding=&#8221;|5px||5px||true&#8221; text_font_size_tablet=&#8221;14px&#8221; text_font_size_phone=&#8221;12px&#8221; text_font_size_last_edited=&#8221;on|phone&#8221; header_3_font_size_tablet=&#8221;16px&#8221; header_3_font_size_phone=&#8221;14px&#8221; header_3_font_size_last_edited=&#8221;on|phone&#8221; global_colors_info=&#8221;{}&#8221;]<\/p>\n<h3 style=\"text-align: left;\">ALTRE ATTIVIT\u00c0 FORMATIVE (AAF)<\/h3>\n<p><span>Le altre attivit\u00e0 formative <strong>(AAF)<\/strong> offrono la possibilit\u00e0 di <strong>personalizzare il curriculum<\/strong> degli studi in base ai propri interessi e attitudini, <strong>partecipando a diverse attivit\u00e0 formative e professionalizzanti<\/strong> consone alla tipologia degli studi intrapresi.<\/span><\/p>\n<p><span><strong>I crediti<\/strong> corrispondenti alle AAF possono essere acquisiti <strong>durante l\u2019intero iter universitario<\/strong>\u00a0e non si concludono con una valutazione in trentesimi, ma con una\u00a0<strong>idoneit\u00e0<\/strong>.\u00a0<\/span><\/p>\n<p>Per<strong> maturare i CFU<\/strong> delle Altre Attivit\u00e0 Formative (AAF) \u00e8 possibile partecipare a <strong>laboratori<\/strong>, <strong>seminari<\/strong>, <strong>stage<\/strong>, ecc.<\/p>\n<p>Per sapere <strong>quali attivit\u00e0<\/strong> organizza il tuo Corso \u00e8 necessario mettersi in contatto con il <strong>Coordinatore del tuo corso di laurea.<\/strong><\/p>\n<p>Se nel piano di studi hai la<strong>\u00a0voce generica &#8220;Altre attivit\u00e0 formative&#8221; <\/strong>e <strong>maturi solo una parte del totale dei CFU indicati,<\/strong>\u00a0\u00a0tali CFU non potranno essere inseriti subito nella tua carriera ma <strong>solo quando maturerai tutti i crediti previsti nella voce AAF.<\/strong><\/p>\n<p>[\/et_pb_text][et_pb_button button_url=&#8221;https:\/\/owncloud.uniroma2.it\/index.php\/s\/Rw46jFTppHnPCGL&#8221; button_text=&#8221;Coordinatori dei Corsi di Laurea Nominativi e Contatti&#8221; button_alignment=&#8221;center&#8221; button_text_tablet=&#8221;Coordinatori dei Corsi di Laurea &#8211; Nominativi e Contatti&#8221; button_text_phone=&#8221;Coordinatori dei Corsi di Laurea &#8211; Nominativi e Contatti&#8221; button_text_last_edited=&#8221;on|tablet&#8221; _builder_version=&#8221;4.17.4&#8243; _module_preset=&#8221;default&#8221; custom_button=&#8221;on&#8221; button_text_size=&#8221;18px&#8221; button_text_color=&#8221;#044D2F&#8221; button_border_color=&#8221;#66022F&#8221; button_border_radius=&#8221;13px&#8221; button_letter_spacing=&#8221;0px&#8221; button_font=&#8221;|600||on|||||&#8221; button_use_icon=&#8221;off&#8221; custom_margin=&#8221;2%|1%|2%|1%|true|true&#8221; custom_margin_tablet=&#8221;&#8221; custom_margin_phone=&#8221;&#8221; custom_margin_last_edited=&#8221;on|tablet&#8221; button_text_size_tablet=&#8221;16px&#8221; button_text_size_phone=&#8221;14px&#8221; button_text_size_last_edited=&#8221;on|phone&#8221; box_shadow_style=&#8221;preset1&#8243; global_colors_info=&#8221;{}&#8221; theme_builder_area=&#8221;post_content&#8221;][\/et_pb_button][\/et_pb_column][et_pb_column type=&#8221;1_2&#8243; _builder_version=&#8221;4.16&#8243; custom_padding=&#8221;|||&#8221; global_colors_info=&#8221;{}&#8221; custom_padding__hover=&#8221;|||&#8221;][et_pb_text _builder_version=&#8221;4.16&#8243; text_font=&#8221;||||||||&#8221; header_font=&#8221;||||||||&#8221; header_3_font=&#8221;||||||||&#8221; header_3_font_size=&#8221;18px&#8221; custom_margin=&#8221;|10px||10px||true&#8221; custom_margin_tablet=&#8221;30px|10px|53px|10px||true&#8221; custom_margin_phone=&#8221;-15px|10px||10px||true&#8221; custom_margin_last_edited=&#8221;on|phone&#8221; custom_padding=&#8221;|5px||5px||true&#8221; text_font_size_tablet=&#8221;14px&#8221; text_font_size_phone=&#8221;12px&#8221; text_font_size_last_edited=&#8221;on|phone&#8221; header_3_font_size_tablet=&#8221;16px&#8221; header_3_font_size_phone=&#8221;14px&#8221; header_3_font_size_last_edited=&#8221;on|phone&#8221; global_colors_info=&#8221;{}&#8221;]<\/p>\n<h3 style=\"text-align: left;\">IDONEIT\u00c0 DI LINGUA<\/h3>\n<p>Per conseguire i\u00a0<span>\u00a0CFU <\/span>delle idoneit\u00e0 linguistiche \u00e8 necessario rivolgersi al <span style=\"text-decoration: underline;\"><strong><a href=\"http:\/\/cla.uniroma2.it\/\" target=\"_blank\" rel=\"noopener noreferrer\">Centro Linguistico di Ateneo (CLA)<\/a><\/strong><\/span><\/p>\n<p style=\"text-align: left;\">Se sei gi\u00e0 in possesso di una <strong>Certificazione Linguistica<\/strong> scopri come<strong>\u00a0<span style=\"text-decoration: underline;\"><a href=\"http:\/\/cla.uniroma2.it\/idoneita-linguistica\/certificazioni-riconosciute\/\" target=\"_blank\" rel=\"noopener noreferrer\">chiederne l&#8217;equipollenza ai fini del riconoscimento diretto dei CFU previsti nel piano di studi<\/a><\/span><\/strong><\/p>\n<p>[\/et_pb_text][et_pb_image src=&#8221;http:\/\/segreteria.lettere.uniroma2.it\/wp-content\/uploads\/2018\/09\/CLA-2.png&#8221; url=&#8221;http:\/\/cla.uniroma2.it\/&#8221; url_new_window=&#8221;on&#8221; align=&#8221;center&#8221; align_tablet=&#8221;center&#8221; align_last_edited=&#8221;on|desktop&#8221; _builder_version=&#8221;4.16&#8243; max_width=&#8221;71%&#8221; max_width_tablet=&#8221;56%&#8221; max_width_phone=&#8221;75%&#8221; max_width_last_edited=&#8221;on|phone&#8221; module_alignment=&#8221;center&#8221; custom_margin=&#8221;48px||&#8221; custom_margin_tablet=&#8221;12px||&#8221; custom_margin_phone=&#8221;-25px||&#8221; custom_margin_last_edited=&#8221;on|desktop&#8221; box_shadow_style=&#8221;preset1&#8243; global_colors_info=&#8221;{}&#8221; align_phone=&#8221;center&#8221;][\/et_pb_image][\/et_pb_column][\/et_pb_row][\/et_pb_section]<\/p>\n","protected":false},"excerpt":{"rendered":"<p>ALTRE ATTIVIT\u00c0 FORMATIVE E IDONEIT\u00c0 DI LINGUAALTRE ATTIVIT\u00c0 FORMATIVE (AAF) Le altre attivit\u00e0 formative (AAF) offrono la possibilit\u00e0 di personalizzare il curriculum degli studi in base ai propri interessi e attitudini, partecipando a diverse attivit\u00e0 formative e professionalizzanti consone alla tipologia degli studi intrapresi. I crediti corrispondenti alle AAF possono essere acquisiti durante l\u2019intero iter [&hellip;]<\/p>\n","protected":false},"author":1,"featured_media":0,"parent":5745,"menu_order":0,"comment_status":"closed","ping_status":"closed","template":"","meta":{"_et_pb_use_builder":"on","_et_pb_old_content":"<p>[et_pb_section bb_built=\"1\"][et_pb_row][\/et_pb_row][\/et_pb_section]<\/p>","_et_gb_content_width":"","footnotes":""},"class_list":["post-6604","page","type-page","status-publish","hentry"],"_links":{"self":[{"href":"https:\/\/segreteria.lettere.uniroma2.it\/home\/wp-json\/wp\/v2\/pages\/6604","targetHints":{"allow":["GET"]}}],"collection":[{"href":"https:\/\/segreteria.lettere.uniroma2.it\/home\/wp-json\/wp\/v2\/pages"}],"about":[{"href":"https:\/\/segreteria.lettere.uniroma2.it\/home\/wp-json\/wp\/v2\/types\/page"}],"author":[{"embeddable":true,"href":"https:\/\/segreteria.lettere.uniroma2.it\/home\/wp-json\/wp\/v2\/users\/1"}],"replies":[{"embeddable":true,"href":"https:\/\/segreteria.lettere.uniroma2.it\/home\/wp-json\/wp\/v2\/comments?post=6604"}],"version-history":[{"count":2,"href":"https:\/\/segreteria.lettere.uniroma2.it\/home\/wp-json\/wp\/v2\/pages\/6604\/revisions"}],"predecessor-version":[{"id":16611,"href":"https:\/\/segreteria.lettere.uniroma2.it\/home\/wp-json\/wp\/v2\/pages\/6604\/revisions\/16611"}],"up":[{"embeddable":true,"href":"https:\/\/segreteria.lettere.uniroma2.it\/home\/wp-json\/wp\/v2\/pages\/5745"}],"wp:attachment":[{"href":"https:\/\/segreteria.lettere.uniroma2.it\/home\/wp-json\/wp\/v2\/media?parent=6604"}],"curies":[{"name":"wp","href":"https:\/\/api.w.org\/{rel}","templated":true}]}}