{"id":942,"date":"2020-06-22T10:11:42","date_gmt":"2020-06-22T08:11:42","guid":{"rendered":"http:\/\/segreteria.lettere.uniroma2.it\/?page_id=942"},"modified":"2025-07-04T14:35:48","modified_gmt":"2025-07-04T12:35:48","slug":"manifesti-degli-studi","status":"publish","type":"page","link":"https:\/\/segreteria.lettere.uniroma2.it\/home\/offerta-formativa\/manifesti-degli-studi\/","title":{"rendered":"Manifesti degli studi"},"content":{"rendered":"<p>[et_pb_section fb_built=&#8221;1&#8243; _builder_version=&#8221;4.16&#8243; custom_margin=&#8221;33px|||&#8221; custom_margin_tablet=&#8221;&#8221; custom_margin_phone=&#8221;&#8221; custom_margin_last_edited=&#8221;on|desktop&#8221; custom_padding=&#8221;0|0|0|0px|false|false&#8221; global_colors_info=&#8221;{}&#8221;][et_pb_row column_structure=&#8221;1_4,3_4&#8243; custom_padding_last_edited=&#8221;on|desktop&#8221; module_class=&#8221; et_pb_row_fullwidth&#8221; _builder_version=&#8221;4.16&#8243; width=&#8221;100%&#8221; width_tablet=&#8221;100%&#8221; width_phone=&#8221;&#8221; width_last_edited=&#8221;on|desktop&#8221; max_width=&#8221;100%&#8221; max_width_tablet=&#8221;100%&#8221; max_width_phone=&#8221;&#8221; max_width_last_edited=&#8221;on|desktop&#8221; module_alignment=&#8221;center&#8221; custom_margin=&#8221;||||true&#8221; custom_margin_tablet=&#8221;||-31px&#8221; custom_margin_phone=&#8221;&#8221; custom_margin_last_edited=&#8221;on|desktop&#8221; custom_padding=&#8221;28px||3px||false|&#8221; custom_padding_tablet=&#8221;&#8221; custom_padding_phone=&#8221;&#8221; make_fullwidth=&#8221;on&#8221; global_colors_info=&#8221;{}&#8221;][et_pb_column type=&#8221;1_4&#8243; _builder_version=&#8221;4.16&#8243; custom_padding=&#8221;|||&#8221; global_colors_info=&#8221;{}&#8221; custom_padding__hover=&#8221;|||&#8221;][et_pb_image src=&#8221;http:\/\/segreteria.lettere.uniroma2.it\/wp-content\/uploads\/2018\/09\/folder-search-icon.png&#8221; align=&#8221;center&#8221; align_tablet=&#8221;center&#8221; align_phone=&#8221;&#8221; align_last_edited=&#8221;on|desktop&#8221; _builder_version=&#8221;4.16&#8243; max_width_tablet=&#8221;12%&#8221; max_width_phone=&#8221;20%&#8221; max_width_last_edited=&#8221;on|phone&#8221; module_alignment=&#8221;center&#8221; global_colors_info=&#8221;{}&#8221;][\/et_pb_image][\/et_pb_column][et_pb_column type=&#8221;3_4&#8243; _builder_version=&#8221;4.16&#8243; custom_padding=&#8221;|||&#8221; global_colors_info=&#8221;{}&#8221; custom_padding__hover=&#8221;|||&#8221;][et_pb_text _builder_version=&#8221;4.25.1&#8243; text_font=&#8221;||||||||&#8221; header_font=&#8221;||||||||&#8221; header_3_font=&#8221;||||||||&#8221; header_3_text_align=&#8221;left&#8221; header_3_text_color=&#8221;#007D34&#8243; header_3_font_size=&#8221;30px&#8221; header_3_text_align_tablet=&#8221;&#8221; header_3_text_align_phone=&#8221;&#8221; header_3_text_align_last_edited=&#8221;on|tablet&#8221; header_3_font_size_tablet=&#8221;29px&#8221; header_3_font_size_phone=&#8221;20px&#8221; header_3_font_size_last_edited=&#8221;on|phone&#8221; global_colors_info=&#8221;{}&#8221;]<\/p>\n<h3 style=\"text-align: center;\">MANIFESTI DEGLI STUDI<\/h3>\n<p>[\/et_pb_text][\/et_pb_column][\/et_pb_row][et_pb_row custom_padding_last_edited=&#8221;on|desktop&#8221; module_class=&#8221; et_pb_row_fullwidth&#8221; _builder_version=&#8221;4.16&#8243; width=&#8221;100%&#8221; width_tablet=&#8221;100%&#8221; width_phone=&#8221;&#8221; width_last_edited=&#8221;on|desktop&#8221; max_width=&#8221;100%&#8221; max_width_tablet=&#8221;100%&#8221; max_width_phone=&#8221;&#8221; max_width_last_edited=&#8221;on|desktop&#8221; module_alignment=&#8221;center&#8221; custom_margin=&#8221;-25px||5px|&#8221; custom_margin_tablet=&#8221;|||||true&#8221; custom_margin_phone=&#8221;&#8221; custom_margin_last_edited=&#8221;on|desktop&#8221; custom_padding=&#8221;22px|0px|19px|0px|false|false&#8221; custom_padding_tablet=&#8221;0|0|0|0|false|false&#8221; custom_padding_phone=&#8221;&#8221; make_fullwidth=&#8221;on&#8221; custom_width_px=&#8221;2113px&#8221; global_colors_info=&#8221;{}&#8221;][et_pb_column type=&#8221;4_4&#8243; _builder_version=&#8221;4.16&#8243; custom_padding=&#8221;|||&#8221; custom_padding_tablet=&#8221;0px||0px|||&#8221; custom_padding_phone=&#8221;&#8221; custom_padding_last_edited=&#8221;on|desktop&#8221; global_colors_info=&#8221;{}&#8221; custom_padding__hover=&#8221;|||&#8221;][et_pb_text _builder_version=&#8221;4.21.0&#8243; text_font=&#8221;||||||||&#8221; text_font_size=&#8221;16px&#8221; text_line_height=&#8221;1.4em&#8221; header_font=&#8221;|||||on|||&#8221; header_text_align=&#8221;center&#8221; header_font_size=&#8221;57px&#8221; custom_margin=&#8221;3%||0%||false|false&#8221; custom_margin_tablet=&#8221;3%||0%||false|false&#8221; custom_margin_phone=&#8221;3%||0%||false|false&#8221; custom_margin_last_edited=&#8221;on|phone&#8221; custom_padding=&#8221;|10px||10px|false|false&#8221; custom_padding_tablet=&#8221;|10px||10px|false|false&#8221; custom_padding_phone=&#8221;|10px||10px|false|false&#8221; custom_padding_last_edited=&#8221;on|desktop&#8221; text_font_size_tablet=&#8221;14px&#8221; text_font_size_phone=&#8221;12px&#8221; text_font_size_last_edited=&#8221;on|tablet&#8221; global_colors_info=&#8221;{}&#8221;]<\/p>\n<p>I Manifesti degli Studi dei Corsi di Laurea contengono i<strong>\u00a0<span style=\"color: #044d2f;\">percorsi formativi (didattica programmata) <\/span><\/strong>con l&#8217;indicazione degli<span style=\"color: #044d2f;\"> <strong>insegnamenti <\/strong><\/span>e dei\u00a0<span style=\"color: #044d2f;\"><strong>Docenti<\/strong>\u00a0<\/span>con cui sosterrai gli esami.<\/p>\n<p><strong>Il tuo manifesto<\/strong> \u00e8 sempre quello\u00a0<span style=\"color: #044d2f;\"><strong>riferito all&#8217;anno accademico di accesso al Corso di Laurea <\/strong><\/span>e contiene la<strong> lista degli esami che dovrai sostenere<\/strong> per conseguire la laurea che desideri.\u00a0Corrisponde, quindi, alla struttura del\u00a0<span style=\"text-decoration: underline;\"><a href=\"http:\/\/segreteria.lettere.uniroma2.it\/home\/piani-di-studio\/\"><strong>PIANO DI STUDI\u00a0<\/strong><\/a><\/span>che dovrai compilare dalla tua pagina Delphi, prima di sostenere gli esami, con l&#8217;aiuto del Tutor o del Coordinatore del tuo corso di laurea.\u00a0\u00a0<strong>Seguilo, quindi, fino al conseguimento della laurea<\/strong>.<\/p>\n<p><span style=\"color: #044d2f;\"><strong>Il piano di studi che ti verr\u00e0 approvato \u00e8 INDISPENSABILE per poter prenotare e sostenere gli esami<\/strong>\u00a0<\/span>e\u00a0potr\u00e0 essere <strong>modificato all&#8217;inizio di ciascun anno accademico\u00a0<\/strong>(non appena il tuo Corso di Laurea\u00a0comunicher\u00e0 la possibilit\u00e0 di compilarlo ed entro la scadenza stabilita)<strong> e sar\u00e0 sempre riferito al Manifesto degli studi dell&#8217;anno accademico del tuo primo ingresso al Corso.<\/strong><\/p>\n<p>[\/et_pb_text][\/et_pb_column][\/et_pb_row][et_pb_row column_structure=&#8221;1_4,3_4&#8243; module_class=&#8221; et_pb_row_fullwidth&#8221; _builder_version=&#8221;4.16&#8243; width=&#8221;100%&#8221; width_tablet=&#8221;100%&#8221; width_phone=&#8221;&#8221; width_last_edited=&#8221;on|desktop&#8221; max_width=&#8221;100%&#8221; max_width_tablet=&#8221;100%&#8221; max_width_phone=&#8221;&#8221; max_width_last_edited=&#8221;on|desktop&#8221; custom_padding=&#8221;24px|0px|11px|0px|false|false&#8221; make_fullwidth=&#8221;on&#8221; global_colors_info=&#8221;{}&#8221;][et_pb_column type=&#8221;1_4&#8243; _builder_version=&#8221;4.16&#8243; custom_padding=&#8221;|||&#8221; global_colors_info=&#8221;{}&#8221; custom_padding__hover=&#8221;|||&#8221;][et_pb_image src=&#8221;http:\/\/segreteria.lettere.uniroma2.it\/wp-content\/uploads\/2019\/03\/Alert.png&#8221; align_tablet=&#8221;center&#8221; align_phone=&#8221;center&#8221; align_last_edited=&#8221;on|phone&#8221; _builder_version=&#8221;4.17.4&#8243; width=&#8221;37%&#8221; width_tablet=&#8221;13%&#8221; width_phone=&#8221;19%&#8221; width_last_edited=&#8221;on|phone&#8221; module_alignment=&#8221;center&#8221; custom_margin=&#8221;1%||||false|false&#8221; custom_margin_tablet=&#8221;&#8221; custom_margin_phone=&#8221;|||9px&#8221; custom_margin_last_edited=&#8221;on|desktop&#8221; global_colors_info=&#8221;{}&#8221;][\/et_pb_image][\/et_pb_column][et_pb_column type=&#8221;3_4&#8243; _builder_version=&#8221;4.16&#8243; custom_padding=&#8221;|||&#8221; global_colors_info=&#8221;{}&#8221; custom_padding__hover=&#8221;|||&#8221;][et_pb_text _builder_version=&#8221;4.21.0&#8243; text_font=&#8221;|600|||||||&#8221; text_text_color=&#8221;#044d2f&#8221; quote_font=&#8221;||||||||&#8221; header_font=&#8221;||||||||&#8221; header_font_size=&#8221;15px&#8221; header_2_font=&#8221;||||||||&#8221; header_3_font=&#8221;||||||||&#8221; header_3_line_height=&#8221;1.1em&#8221; header_4_font=&#8221;||||||||&#8221; header_4_font_size=&#8221;23px&#8221; header_4_line_height=&#8221;0.9em&#8221; text_orientation=&#8221;center&#8221; custom_margin=&#8221;10px|44px||44px||true&#8221; custom_margin_tablet=&#8221;37px|15px|-37px|15px||true&#8221; custom_margin_phone=&#8221;10px||0px||false&#8221; custom_margin_last_edited=&#8221;on|phone&#8221; custom_padding=&#8221;|0px|5px|0px||true&#8221; text_font_size_tablet=&#8221;14px&#8221; text_font_size_phone=&#8221;12px&#8221; text_font_size_last_edited=&#8221;on|phone&#8221; quote_text_align_tablet=&#8221;&#8221; quote_text_align_phone=&#8221;&#8221; quote_text_align_last_edited=&#8221;on|phone&#8221; header_font_size_tablet=&#8221;13px&#8221; header_font_size_phone=&#8221;&#8221; header_font_size_last_edited=&#8221;on|tablet&#8221; header_3_font_size_tablet=&#8221;22px&#8221; header_3_font_size_phone=&#8221;&#8221; header_3_font_size_last_edited=&#8221;on|tablet&#8221; header_3_line_height_tablet=&#8221;1.1em&#8221; header_3_line_height_phone=&#8221;1.1em&#8221; header_3_line_height_last_edited=&#8221;on|phone&#8221; header_4_font_size_tablet=&#8221;18px&#8221; header_4_font_size_phone=&#8221;16px&#8221; header_4_font_size_last_edited=&#8221;on|desktop&#8221; header_4_line_height_tablet=&#8221;&#8221; header_4_line_height_phone=&#8221;&#8221; header_4_line_height_last_edited=&#8221;on|desktop&#8221; global_colors_info=&#8221;{}&#8221;]<\/p>\n<h4 style=\"text-align: left;\"><span style=\"color: #044d2f;\">RICORDA!<\/span><\/h4>\n<blockquote>\n<p style=\"text-align: left;\"><span style=\"color: #66022f;\"><em>Il TUO MANIFESTO DEGLI STUDI <strong><span style=\"color: #044d2f;\">SARA&#8217; SEMPRE QUELLO RIFERITO ALL&#8217;ANNO ACCADEMICO DI ACCESSO AL CORSO DI LAUREA.\u00a0\u00a0<\/span><\/strong><\/em><\/span><em style=\"color: #66022f; font-size: 14px;\">Seguilo fino al conseguimento del titolo.<\/em><\/p>\n<\/blockquote>\n<blockquote>\n<p style=\"text-align: left;\"><em style=\"color: #66022f; font-size: 14px;\">I NOMI DEI\u00a0<span style=\"color: #044d2f;\"><strong>PROFESSORI<\/strong> <\/span>INDICATI NEL <span style=\"color: #044d2f;\">TUO<\/span> MANIFESTO POTRANNO<strong><span style=\"color: #044d2f;\"> VARIARE DI ANNO IN ANNO<\/span><\/strong><\/em><\/p>\n<\/blockquote>\n<p>[\/et_pb_text][\/et_pb_column][\/et_pb_row][et_pb_row _builder_version=&#8221;4.16&#8243; custom_padding=&#8221;57px||28px|||&#8221; global_colors_info=&#8221;{}&#8221;][et_pb_column type=&#8221;4_4&#8243; _builder_version=&#8221;4.16&#8243; global_colors_info=&#8221;{}&#8221;][et_pb_text _builder_version=&#8221;4.27.4&#8243; text_font_size=&#8221;16px&#8221; header_5_text_color=&#8221;#007D34&#8243; custom_margin=&#8221;-5%||||false|false&#8221; custom_margin_tablet=&#8221;-5%||||false|false&#8221; custom_margin_phone=&#8221;-21%||||false|false&#8221; custom_margin_last_edited=&#8221;on|phone&#8221; hover_enabled=&#8221;0&#8243; text_font_size_tablet=&#8221;14px&#8221; text_font_size_phone=&#8221;12px&#8221; text_font_size_last_edited=&#8221;on|phone&#8221; global_colors_info=&#8221;{}&#8221; sticky_enabled=&#8221;0&#8243;]<\/p>\n<p style=\"text-align: center;\">Per ogni informazione o chiarimento di <strong>carattere didattico<\/strong> \u00e8 necessario mettersi in contatto con il<a href=\"https:\/\/owncloud.uniroma2.it\/index.php\/s\/Rw46jFTppHnPCGL\" target=\"_blank\" rel=\"noopener\"> <span style=\"text-decoration: underline;\"><strong>Coordinatore del Corso di Laurea&gt;&gt;&gt;<\/strong><\/span><\/a><\/p>\n<p style=\"text-align: center;\"><strong><\/strong><\/p>\n<p style=\"text-align: center;\"><strong><\/strong><\/p>\n<p>[\/et_pb_text][\/et_pb_column][\/et_pb_row][et_pb_row custom_padding_last_edited=&#8221;on|phone&#8221; module_class=&#8221; et_pb_row_fullwidth&#8221; _builder_version=&#8221;4.17.4&#8243; background_color=&#8221;#ededed&#8221; width=&#8221;100%&#8221; width_tablet=&#8221;100%&#8221; width_phone=&#8221;&#8221; width_last_edited=&#8221;on|desktop&#8221; max_width=&#8221;100%&#8221; max_width_tablet=&#8221;100%&#8221; max_width_phone=&#8221;&#8221; max_width_last_edited=&#8221;on|desktop&#8221; module_alignment=&#8221;center&#8221; custom_margin=&#8221;-2%||||false|false&#8221; custom_margin_tablet=&#8221;-1%||||false|false&#8221; custom_margin_phone=&#8221;-5%|auto||auto|false|false&#8221; custom_margin_last_edited=&#8221;on|tablet&#8221; custom_padding=&#8221;0%|0px|0|0px|false|false&#8221; custom_padding_tablet=&#8221;0%||||false|false&#8221; custom_padding_phone=&#8221;0%||||false|false&#8221; make_fullwidth=&#8221;on&#8221; global_colors_info=&#8221;{}&#8221;][et_pb_column type=&#8221;4_4&#8243; _builder_version=&#8221;4.16&#8243; custom_padding=&#8221;|||&#8221; global_colors_info=&#8221;{}&#8221; custom_padding__hover=&#8221;|||&#8221;][et_pb_text content_last_edited=&#8221;off|desktop&#8221; _builder_version=&#8221;4.27.4&#8243; text_font=&#8221;||||||||&#8221; text_text_color=&#8221;#66022F&#8221; text_font_size=&#8221;16px&#8221; link_font=&#8221;||||on|||#007D34|&#8221; link_text_color=&#8221;#007D34&#8243; link_font_size=&#8221;22px&#8221; link_line_height=&#8221;1.4em&#8221; header_font=&#8221;||||||||&#8221; header_text_color=&#8221;#66022f&#8221; header_line_height=&#8221;1.1em&#8221; header_4_font=&#8221;||||||||&#8221; header_4_text_color=&#8221;#66022f&#8221; header_4_font_size=&#8221;20px&#8221; header_4_line_height=&#8221;1.1em&#8221; custom_margin=&#8221;3%|10px|3%|10px|true|true&#8221; custom_margin_tablet=&#8221;30px||&#8221; custom_margin_phone=&#8221;3%|10px|3%|10px|false|true&#8221; custom_margin_last_edited=&#8221;on|desktop&#8221; custom_padding=&#8221;1%||1%||true|false&#8221; custom_padding_tablet=&#8221;1%||1%||true|false&#8221; custom_padding_phone=&#8221;1%||1%||true|false&#8221; custom_padding_last_edited=&#8221;on|phone&#8221; hover_enabled=&#8221;0&#8243; text_font_size_tablet=&#8221;14px&#8221; text_font_size_phone=&#8221;12px&#8221; text_font_size_last_edited=&#8221;on|phone&#8221; text_line_height_tablet=&#8221;&#8221; text_line_height_phone=&#8221;1.2em&#8221; text_line_height_last_edited=&#8221;on|desktop&#8221; link_font_size_tablet=&#8221;20px&#8221; link_font_size_phone=&#8221;16px&#8221; link_font_size_last_edited=&#8221;on|desktop&#8221; link_line_height_tablet=&#8221;&#8221; link_line_height_phone=&#8221;1.2em&#8221; link_line_height_last_edited=&#8221;on|tablet&#8221; header_font_size_tablet=&#8221;&#8221; header_font_size_phone=&#8221;21px&#8221; header_font_size_last_edited=&#8221;on|phone&#8221; header_line_height_tablet=&#8221;&#8221; header_line_height_phone=&#8221;1.1em&#8221; header_line_height_last_edited=&#8221;on|phone&#8221; header_4_font_size_tablet=&#8221;18px&#8221; header_4_font_size_phone=&#8221;16px&#8221; header_4_font_size_last_edited=&#8221;on|desktop&#8221; global_colors_info=&#8221;{}&#8221; sticky_enabled=&#8221;0&#8243;]<\/p>\n<p style=\"text-align: center;\"><a href=\"https:\/\/segreteria.lettere.uniroma2.it\/home\/offerta-formativa\/manifesti-degli-studi\/a-a-2025-2026-manifesti-degli-studi\/\"><span style=\"text-decoration: underline;\"><strong>MANIFESTI DEGLI STUDI\u00a0 a.a. 2025\/2026<\/strong><\/span><\/a><\/p>\n<p>&nbsp;<\/p>\n<p style=\"text-align: center;\"><strong><a href=\"http:\/\/segreteria.lettere.uniroma2.it\/archivio\">Archivio manifesti degli studi a.a. precedenti<\/a><\/strong><\/p>\n<p>[\/et_pb_text][\/et_pb_column][\/et_pb_row][\/et_pb_section]<\/p>\n","protected":false},"excerpt":{"rendered":"<p>MANIFESTI DEGLI STUDII Manifesti degli Studi dei Corsi di Laurea contengono i\u00a0percorsi formativi (didattica programmata) con l&#8217;indicazione degli insegnamenti e dei\u00a0Docenti\u00a0con cui sosterrai gli esami. Il tuo manifesto \u00e8 sempre quello\u00a0riferito all&#8217;anno accademico di accesso al Corso di Laurea e contiene la lista degli esami che dovrai sostenere per conseguire la laurea che desideri.\u00a0Corrisponde, quindi, [&hellip;]<\/p>\n","protected":false},"author":1,"featured_media":0,"parent":5745,"menu_order":0,"comment_status":"closed","ping_status":"closed","template":"","meta":{"_et_pb_use_builder":"on","_et_pb_old_content":"","_et_gb_content_width":"","footnotes":""},"class_list":["post-942","page","type-page","status-publish","hentry"],"_links":{"self":[{"href":"https:\/\/segreteria.lettere.uniroma2.it\/home\/wp-json\/wp\/v2\/pages\/942","targetHints":{"allow":["GET"]}}],"collection":[{"href":"https:\/\/segreteria.lettere.uniroma2.it\/home\/wp-json\/wp\/v2\/pages"}],"about":[{"href":"https:\/\/segreteria.lettere.uniroma2.it\/home\/wp-json\/wp\/v2\/types\/page"}],"author":[{"embeddable":true,"href":"https:\/\/segreteria.lettere.uniroma2.it\/home\/wp-json\/wp\/v2\/users\/1"}],"replies":[{"embeddable":true,"href":"https:\/\/segreteria.lettere.uniroma2.it\/home\/wp-json\/wp\/v2\/comments?post=942"}],"version-history":[{"count":51,"href":"https:\/\/segreteria.lettere.uniroma2.it\/home\/wp-json\/wp\/v2\/pages\/942\/revisions"}],"predecessor-version":[{"id":34136,"href":"https:\/\/segreteria.lettere.uniroma2.it\/home\/wp-json\/wp\/v2\/pages\/942\/revisions\/34136"}],"up":[{"embeddable":true,"href":"https:\/\/segreteria.lettere.uniroma2.it\/home\/wp-json\/wp\/v2\/pages\/5745"}],"wp:attachment":[{"href":"https:\/\/segreteria.lettere.uniroma2.it\/home\/wp-json\/wp\/v2\/media?parent=942"}],"curies":[{"name":"wp","href":"https:\/\/api.w.org\/{rel}","templated":true}]}}